{"id":127,"date":"2026-01-01T22:35:03","date_gmt":"2026-01-01T22:35:03","guid":{"rendered":"https:\/\/huseyinyamac.com.tr\/?page_id=127"},"modified":"2026-01-02T22:44:11","modified_gmt":"2026-01-02T22:44:11","slug":"blog","status":"publish","type":"page","link":"https:\/\/huseyinyamac.com.tr\/?page_id=127","title":{"rendered":"Blog"},"content":{"rendered":"\t\t<div data-elementor-type=\"wp-page\" data-elementor-id=\"127\" class=\"elementor elementor-127\">\n\t\t\t\t<div class=\"elementor-element elementor-element-74c3804d e-flex e-con-boxed e-con e-parent\" data-id=\"74c3804d\" data-element_type=\"container\">\n\t\t\t\t\t<div class=\"e-con-inner\">\n\t\t\t\t<div class=\"elementor-element elementor-element-1256ceac elementor-widget elementor-widget-text-editor\" data-id=\"1256ceac\" data-element_type=\"widget\" data-widget_type=\"text-editor.default\">\n\t\t\t\t\t\t\t\t\t<h3 data-start=\"83\" data-end=\"104\">Ben H\u00fcseyin Yama\u00e7<\/h3><p data-start=\"106\" data-end=\"317\">Ben H\u00fcseyin Yama\u00e7. \u0130zmir\u2019de ya\u015f\u0131yorum, \u00fcniversitede Bilgisayar Programc\u0131l\u0131\u011f\u0131 okuyorum ve ayn\u0131 zamanda futbol oynuyorum. Hayat\u0131m genelde okul, antrenman ve bilgisayar ba\u015f\u0131nda ge\u00e7en saatler aras\u0131nda gidip geliyor.<\/p><p data-start=\"319\" data-end=\"597\">Futbol bana disiplin, m\u00fccadele ve pes etmemeyi \u00f6\u011fretti. Yaz\u0131l\u0131m ise sabr\u0131, d\u00fc\u015f\u00fcnmeyi ve \u00e7\u00f6z\u00fcm \u00fcretmeyi. \u0130kisi \u00e7ok farkl\u0131 gibi g\u00f6r\u00fcnse de asl\u0131nda birbirini tamaml\u0131yor. Sahada nas\u0131l kendimi geli\u015ftirmeye \u00e7al\u0131\u015f\u0131yorsam, bilgisayar ba\u015f\u0131nda da her g\u00fcn biraz daha \u00f6\u011frenmeye \u00e7al\u0131\u015f\u0131yorum.<\/p><p data-start=\"599\" data-end=\"773\">Bu blogda hem \u00f6\u011frendiklerimi hem de kendi yolculu\u011fumu payla\u015fmak istiyorum. B\u00fcy\u00fck hedeflerim var ama acelem yok. Ad\u0131m ad\u0131m, \u00e7al\u0131\u015farak ve vazge\u00e7meden ilerlemeye devam ediyorum.<\/p>\t\t\t\t\t\t\t\t<\/div>\n\t\t\t\t\t<\/div>\n\t\t\t\t<\/div>\n\t\t<div class=\"elementor-element elementor-element-a88c870 e-flex e-con-boxed e-con e-parent\" data-id=\"a88c870\" data-element_type=\"container\">\n\t\t\t\t\t<div class=\"e-con-inner\">\n\t\t\t\t<div class=\"elementor-element elementor-element-eb2820d elementor-alert-info elementor-widget elementor-widget-alert\" data-id=\"eb2820d\" data-element_type=\"widget\" data-widget_type=\"alert.default\">\n\t\t\t\t\t\t\t<div class=\"elementor-alert\" role=\"alert\">\n\n\t\t\t\t\t\t<span class=\"elementor-alert-title\">Uyar\u0131<\/span>\n\t\t\t\n\t\t\t\t\t\t<span class=\"elementor-alert-description\">Okulda i\u00e7erik y\u00f6netim sistemi dersi s\u0131nava girebilmek i\u00e7in yap\u0131lm\u0131\u015f bir wordpress sitesidir tamamen e\u011fitim ama\u00e7l\u0131d\u0131r<\/span>\n\t\t\t\n\t\t\t\t\t\t<button type=\"button\" class=\"elementor-alert-dismiss\" aria-label=\"Dismiss this alert.\">\n\t\t\t\t\t\t\t\t\t<span aria-hidden=\"true\">&times;<\/span>\n\t\t\t\t\t\t\t<\/button>\n\t\t\t\n\t\t<\/div>\n\t\t\t\t\t\t<\/div>\n\t\t\t\t\t<\/div>\n\t\t\t\t<\/div>\n\t\t<div class=\"elementor-element elementor-element-3231a52 e-flex e-con-boxed e-con e-parent\" data-id=\"3231a52\" data-element_type=\"container\">\n\t\t\t\t\t<div class=\"e-con-inner\">\n\t\t\t\t<div class=\"elementor-element elementor-element-93c925a elementor-widget elementor-widget-n-accordion\" data-id=\"93c925a\" data-element_type=\"widget\" data-settings=\"{&quot;default_state&quot;:&quot;expanded&quot;,&quot;max_items_expended&quot;:&quot;one&quot;,&quot;n_accordion_animation_duration&quot;:{&quot;unit&quot;:&quot;ms&quot;,&quot;size&quot;:400,&quot;sizes&quot;:[]}}\" data-widget_type=\"nested-accordion.default\">\n\t\t\t\t\t\t\t<div class=\"e-n-accordion\" aria-label=\"Accordion. Open links with Enter or Space, close with Escape, and navigate with Arrow Keys\">\n\t\t\t\t\t\t<details id=\"e-n-accordion-item-1540\" class=\"e-n-accordion-item\" open>\n\t\t\t\t<summary class=\"e-n-accordion-item-title\" data-accordion-index=\"1\" tabindex=\"0\" aria-expanded=\"true\" aria-controls=\"e-n-accordion-item-1540\" >\n\t\t\t\t\t<span class='e-n-accordion-item-title-header'><div class=\"e-n-accordion-item-title-text\"> B\u00f6l\u00fcm 1 <\/div><\/span>\n\t\t\t\t\t\t\t<span class='e-n-accordion-item-title-icon'>\n\t\t\t<span class='e-opened' ><svg aria-hidden=\"true\" class=\"e-font-icon-svg e-fas-minus\" viewBox=\"0 0 448 512\" xmlns=\"http:\/\/www.w3.org\/2000\/svg\"><path d=\"M416 208H32c-17.67 0-32 14.33-32 32v32c0 17.67 14.33 32 32 32h384c17.67 0 32-14.33 32-32v-32c0-17.67-14.33-32-32-32z\"><\/path><\/svg><\/span>\n\t\t\t<span class='e-closed'><svg aria-hidden=\"true\" class=\"e-font-icon-svg e-fas-plus\" viewBox=\"0 0 448 512\" xmlns=\"http:\/\/www.w3.org\/2000\/svg\"><path d=\"M416 208H272V64c0-17.67-14.33-32-32-32h-32c-17.67 0-32 14.33-32 32v144H32c-17.67 0-32 14.33-32 32v32c0 17.67 14.33 32 32 32h144v144c0 17.67 14.33 32 32 32h32c17.67 0 32-14.33 32-32V304h144c17.67 0 32-14.33 32-32v-32c0-17.67-14.33-32-32-32z\"><\/path><\/svg><\/span>\n\t\t<\/span>\n\n\t\t\t\t\t\t<\/summary>\n\t\t\t\t<div role=\"region\" aria-labelledby=\"e-n-accordion-item-1540\" class=\"elementor-element elementor-element-91bff49 e-con-full e-flex e-con e-child\" data-id=\"91bff49\" data-element_type=\"container\">\n\t\t\t\t<div class=\"elementor-element elementor-element-d562075 elementor-widget elementor-widget-text-editor\" data-id=\"d562075\" data-element_type=\"widget\" data-widget_type=\"text-editor.default\">\n\t\t\t\t\t\t\t\t\t<p>Ben H\u00fcseyin Yama\u00e7. \u0130zmir\u2019de ya\u015f\u0131yorum, \u00fcniversitede Bilgisayar Programc\u0131l\u0131\u011f\u0131 okuyorum ve ayn\u0131 zamanda futbol oynuyorum. Hayat\u0131m genelde okul, antrenman ve bilgisayar ba\u015f\u0131nda ge\u00e7en saatler aras\u0131nda gidip geliyor.<\/p>\t\t\t\t\t\t\t\t<\/div>\n\t\t\t\t<\/div>\n\t\t\t\t\t<\/details>\n\t\t\t\t\t\t<details id=\"e-n-accordion-item-1541\" class=\"e-n-accordion-item\" >\n\t\t\t\t<summary class=\"e-n-accordion-item-title\" data-accordion-index=\"2\" tabindex=\"-1\" aria-expanded=\"false\" aria-controls=\"e-n-accordion-item-1541\" >\n\t\t\t\t\t<span class='e-n-accordion-item-title-header'><div class=\"e-n-accordion-item-title-text\"> B\u00f6l\u00fcm 2 <\/div><\/span>\n\t\t\t\t\t\t\t<span class='e-n-accordion-item-title-icon'>\n\t\t\t<span class='e-opened' ><svg aria-hidden=\"true\" class=\"e-font-icon-svg e-fas-minus\" viewBox=\"0 0 448 512\" xmlns=\"http:\/\/www.w3.org\/2000\/svg\"><path d=\"M416 208H32c-17.67 0-32 14.33-32 32v32c0 17.67 14.33 32 32 32h384c17.67 0 32-14.33 32-32v-32c0-17.67-14.33-32-32-32z\"><\/path><\/svg><\/span>\n\t\t\t<span class='e-closed'><svg aria-hidden=\"true\" class=\"e-font-icon-svg e-fas-plus\" viewBox=\"0 0 448 512\" xmlns=\"http:\/\/www.w3.org\/2000\/svg\"><path d=\"M416 208H272V64c0-17.67-14.33-32-32-32h-32c-17.67 0-32 14.33-32 32v144H32c-17.67 0-32 14.33-32 32v32c0 17.67 14.33 32 32 32h144v144c0 17.67 14.33 32 32 32h32c17.67 0 32-14.33 32-32V304h144c17.67 0 32-14.33 32-32v-32c0-17.67-14.33-32-32-32z\"><\/path><\/svg><\/span>\n\t\t<\/span>\n\n\t\t\t\t\t\t<\/summary>\n\t\t\t\t<div role=\"region\" aria-labelledby=\"e-n-accordion-item-1541\" class=\"elementor-element elementor-element-80a9df0 e-con-full e-flex e-con e-child\" data-id=\"80a9df0\" data-element_type=\"container\">\n\t\t\t\t<div class=\"elementor-element elementor-element-70bfa62 elementor-widget elementor-widget-text-editor\" data-id=\"70bfa62\" data-element_type=\"widget\" data-widget_type=\"text-editor.default\">\n\t\t\t\t\t\t\t\t\t<p>Futbol bana disiplin, m\u00fccadele ve pes etmemeyi \u00f6\u011fretti. Yaz\u0131l\u0131m ise sabr\u0131, d\u00fc\u015f\u00fcnmeyi ve \u00e7\u00f6z\u00fcm \u00fcretmeyi. \u0130kisi \u00e7ok farkl\u0131 gibi g\u00f6r\u00fcnse de asl\u0131nda birbirini tamaml\u0131yor. Sahada nas\u0131l kendimi geli\u015ftirmeye \u00e7al\u0131\u015f\u0131yorsam, bilgisayar ba\u015f\u0131nda da her g\u00fcn biraz daha \u00f6\u011frenmeye \u00e7al\u0131\u015f\u0131yorum.<\/p>\t\t\t\t\t\t\t\t<\/div>\n\t\t\t\t<\/div>\n\t\t\t\t\t<\/details>\n\t\t\t\t\t\t<details id=\"e-n-accordion-item-1542\" class=\"e-n-accordion-item\" >\n\t\t\t\t<summary class=\"e-n-accordion-item-title\" data-accordion-index=\"3\" tabindex=\"-1\" aria-expanded=\"false\" aria-controls=\"e-n-accordion-item-1542\" >\n\t\t\t\t\t<span class='e-n-accordion-item-title-header'><div class=\"e-n-accordion-item-title-text\"> B\u00f6l\u00fcm 3 <\/div><\/span>\n\t\t\t\t\t\t\t<span class='e-n-accordion-item-title-icon'>\n\t\t\t<span class='e-opened' ><svg aria-hidden=\"true\" class=\"e-font-icon-svg e-fas-minus\" viewBox=\"0 0 448 512\" xmlns=\"http:\/\/www.w3.org\/2000\/svg\"><path d=\"M416 208H32c-17.67 0-32 14.33-32 32v32c0 17.67 14.33 32 32 32h384c17.67 0 32-14.33 32-32v-32c0-17.67-14.33-32-32-32z\"><\/path><\/svg><\/span>\n\t\t\t<span class='e-closed'><svg aria-hidden=\"true\" class=\"e-font-icon-svg e-fas-plus\" viewBox=\"0 0 448 512\" xmlns=\"http:\/\/www.w3.org\/2000\/svg\"><path d=\"M416 208H272V64c0-17.67-14.33-32-32-32h-32c-17.67 0-32 14.33-32 32v144H32c-17.67 0-32 14.33-32 32v32c0 17.67 14.33 32 32 32h144v144c0 17.67 14.33 32 32 32h32c17.67 0 32-14.33 32-32V304h144c17.67 0 32-14.33 32-32v-32c0-17.67-14.33-32-32-32z\"><\/path><\/svg><\/span>\n\t\t<\/span>\n\n\t\t\t\t\t\t<\/summary>\n\t\t\t\t<div role=\"region\" aria-labelledby=\"e-n-accordion-item-1542\" class=\"elementor-element elementor-element-b068a74 e-con-full e-flex e-con e-child\" data-id=\"b068a74\" data-element_type=\"container\">\n\t\t\t\t<div class=\"elementor-element elementor-element-a923989 elementor-widget elementor-widget-text-editor\" data-id=\"a923989\" data-element_type=\"widget\" data-widget_type=\"text-editor.default\">\n\t\t\t\t\t\t\t\t\t<p>Bu blogda hem \u00f6\u011frendiklerimi hem de kendi yolculu\u011fumu payla\u015fmak istiyorum. B\u00fcy\u00fck hedeflerim var ama acelem yok. Ad\u0131m ad\u0131m, \u00e7al\u0131\u015farak ve vazge\u00e7meden ilerlemeye devam ediyorum.<\/p>\t\t\t\t\t\t\t\t<\/div>\n\t\t\t\t<\/div>\n\t\t\t\t\t<\/details>\n\t\t\t\t\t<\/div>\n\t\t\t\t\t\t<\/div>\n\t\t\t\t\t<\/div>\n\t\t\t\t<\/div>\n\t\t\t\t<\/div>\n\t\t","protected":false},"excerpt":{"rendered":"<p>Ben H\u00fcseyin Yama\u00e7 Ben H\u00fcseyin Yama\u00e7. \u0130zmir\u2019de ya\u015f\u0131yorum, \u00fcniversitede Bilgisayar Programc\u0131l\u0131\u011f\u0131 okuyorum ve ayn\u0131 zamanda futbol oynuyorum. Hayat\u0131m genelde okul, antrenman ve bilgisayar ba\u015f\u0131nda ge\u00e7en saatler aras\u0131nda gidip geliyor. Futbol bana disiplin, m\u00fccadele ve pes etmemeyi \u00f6\u011fretti. Yaz\u0131l\u0131m ise sabr\u0131, d\u00fc\u015f\u00fcnmeyi ve \u00e7\u00f6z\u00fcm \u00fcretmeyi. \u0130kisi \u00e7ok farkl\u0131 gibi g\u00f6r\u00fcnse de asl\u0131nda birbirini tamaml\u0131yor. Sahada nas\u0131l [&hellip;]<\/p>\n","protected":false},"author":1,"featured_media":0,"parent":0,"menu_order":0,"comment_status":"closed","ping_status":"closed","template":"","meta":{"footnotes":""},"class_list":["post-127","page","type-page","status-publish","hentry"],"_links":{"self":[{"href":"https:\/\/huseyinyamac.com.tr\/index.php?rest_route=\/wp\/v2\/pages\/127","targetHints":{"allow":["GET"]}}],"collection":[{"href":"https:\/\/huseyinyamac.com.tr\/index.php?rest_route=\/wp\/v2\/pages"}],"about":[{"href":"https:\/\/huseyinyamac.com.tr\/index.php?rest_route=\/wp\/v2\/types\/page"}],"author":[{"embeddable":true,"href":"https:\/\/huseyinyamac.com.tr\/index.php?rest_route=\/wp\/v2\/users\/1"}],"replies":[{"embeddable":true,"href":"https:\/\/huseyinyamac.com.tr\/index.php?rest_route=%2Fwp%2Fv2%2Fcomments&post=127"}],"version-history":[{"count":5,"href":"https:\/\/huseyinyamac.com.tr\/index.php?rest_route=\/wp\/v2\/pages\/127\/revisions"}],"predecessor-version":[{"id":171,"href":"https:\/\/huseyinyamac.com.tr\/index.php?rest_route=\/wp\/v2\/pages\/127\/revisions\/171"}],"wp:attachment":[{"href":"https:\/\/huseyinyamac.com.tr\/index.php?rest_route=%2Fwp%2Fv2%2Fmedia&parent=127"}],"curies":[{"name":"wp","href":"https:\/\/api.w.org\/{rel}","templated":true}]}}