{"id":139,"date":"2026-01-01T23:18:35","date_gmt":"2026-01-01T23:18:35","guid":{"rendered":"https:\/\/huseyinyamac.com.tr\/?page_id=139"},"modified":"2026-01-02T22:51:13","modified_gmt":"2026-01-02T22:51:13","slug":"futbol","status":"publish","type":"page","link":"https:\/\/huseyinyamac.com.tr\/?page_id=139","title":{"rendered":"Futbol"},"content":{"rendered":"\t\t<div data-elementor-type=\"wp-page\" data-elementor-id=\"139\" class=\"elementor elementor-139\">\n\t\t\t\t<div class=\"elementor-element elementor-element-11714cd4 e-flex e-con-boxed e-con e-parent\" data-id=\"11714cd4\" data-element_type=\"container\">\n\t\t\t\t\t<div class=\"e-con-inner\">\n\t\t\t\t<div class=\"elementor-element elementor-element-391d1cb1 elementor-widget elementor-widget-text-editor\" data-id=\"391d1cb1\" data-element_type=\"widget\" data-widget_type=\"text-editor.default\">\n\t\t\t\t\t\t\t\t\tU-10 dan beri aktif futbol oynuyorum.Tam her \u00f6zelli\u011fe sahip \u00f6l\u00fcmc\u00fcl bitirici\u011fimle \u00f6n plana \u00e7\u0131kar\u0131m. Kariyerime ilk olarak Y\u0131ld\u0131zg\u00fcc\u00fc Sporda ba\u015flad\u0131m. Yolculu\u011fum oradan Arena Spora oldu u-13 de sezonun oyuncusu se\u00e7ildim ve Nazilli Belediye Sporun yolunu tuttum. Oradan ilk profesyonel ad\u0131m\u0131 Bucaspor ile 16 ya\u015f\u0131mda att\u0131m. Ya\u015fad\u0131\u011f\u0131m iki a\u011f\u0131r sakatl\u0131ktan 2 sene sonra amat\u00f6r k\u00fcmede Denizliye d\u00f6nd\u00fcm Akkonak Spor , Kocaderespor ve Gen\u00e7 \u00dcmitler Fk ile devam ettim. \u015euan lisans\u0131m P\u0131narba\u015f\u0131sporda bu sezon transfer d\u00f6neminde gelebilicek tekliflere a\u00e7\u0131\u011f\u0131m.\t\t\t\t\t\t\t\t<\/div>\n\t\t\t\t\t<\/div>\n\t\t\t\t<\/div>\n\t\t<div class=\"elementor-element elementor-element-49ffdb2 e-flex e-con-boxed e-con e-parent\" data-id=\"49ffdb2\" data-element_type=\"container\">\n\t\t\t\t\t<div class=\"e-con-inner\">\n\t\t\t\t<div class=\"elementor-element elementor-element-c50ef65 elementor-widget elementor-widget-video\" data-id=\"c50ef65\" data-element_type=\"widget\" data-settings=\"{&quot;youtube_url&quot;:&quot;https:\\\/\\\/www.youtube.com\\\/watch?v=OWOjRdmpM6I&quot;,&quot;video_type&quot;:&quot;youtube&quot;,&quot;controls&quot;:&quot;yes&quot;}\" data-widget_type=\"video.default\">\n\t\t\t\t\t\t\t<div class=\"elementor-wrapper elementor-open-inline\">\n\t\t\t<div class=\"elementor-video\"><\/div>\t\t<\/div>\n\t\t\t\t\t\t<\/div>\n\t\t\t\t\t<\/div>\n\t\t\t\t<\/div>\n\t\t\t\t<\/div>\n\t\t","protected":false},"excerpt":{"rendered":"<p>U-10 dan beri aktif futbol oynuyorum.Tam her \u00f6zelli\u011fe sahip \u00f6l\u00fcmc\u00fcl bitirici\u011fimle \u00f6n plana \u00e7\u0131kar\u0131m. Kariyerime ilk olarak Y\u0131ld\u0131zg\u00fcc\u00fc Sporda ba\u015flad\u0131m. Yolculu\u011fum oradan Arena Spora oldu u-13 de sezonun oyuncusu se\u00e7ildim ve Nazilli Belediye Sporun yolunu tuttum. Oradan ilk profesyonel ad\u0131m\u0131 Bucaspor ile 16 ya\u015f\u0131mda att\u0131m. Ya\u015fad\u0131\u011f\u0131m iki a\u011f\u0131r sakatl\u0131ktan 2 sene sonra amat\u00f6r k\u00fcmede Denizliye [&hellip;]<\/p>\n","protected":false},"author":1,"featured_media":0,"parent":42,"menu_order":0,"comment_status":"closed","ping_status":"closed","template":"","meta":{"footnotes":""},"class_list":["post-139","page","type-page","status-publish","hentry"],"_links":{"self":[{"href":"https:\/\/huseyinyamac.com.tr\/index.php?rest_route=\/wp\/v2\/pages\/139","targetHints":{"allow":["GET"]}}],"collection":[{"href":"https:\/\/huseyinyamac.com.tr\/index.php?rest_route=\/wp\/v2\/pages"}],"about":[{"href":"https:\/\/huseyinyamac.com.tr\/index.php?rest_route=\/wp\/v2\/types\/page"}],"author":[{"embeddable":true,"href":"https:\/\/huseyinyamac.com.tr\/index.php?rest_route=\/wp\/v2\/users\/1"}],"replies":[{"embeddable":true,"href":"https:\/\/huseyinyamac.com.tr\/index.php?rest_route=%2Fwp%2Fv2%2Fcomments&post=139"}],"version-history":[{"count":4,"href":"https:\/\/huseyinyamac.com.tr\/index.php?rest_route=\/wp\/v2\/pages\/139\/revisions"}],"predecessor-version":[{"id":183,"href":"https:\/\/huseyinyamac.com.tr\/index.php?rest_route=\/wp\/v2\/pages\/139\/revisions\/183"}],"up":[{"embeddable":true,"href":"https:\/\/huseyinyamac.com.tr\/index.php?rest_route=\/wp\/v2\/pages\/42"}],"wp:attachment":[{"href":"https:\/\/huseyinyamac.com.tr\/index.php?rest_route=%2Fwp%2Fv2%2Fmedia&parent=139"}],"curies":[{"name":"wp","href":"https:\/\/api.w.org\/{rel}","templated":true}]}}