{"id":150,"date":"2026-01-01T23:28:31","date_gmt":"2026-01-01T23:28:31","guid":{"rendered":"https:\/\/huseyinyamac.com.tr\/?page_id=150"},"modified":"2026-01-03T12:52:01","modified_gmt":"2026-01-03T12:52:01","slug":"bilgisayar","status":"publish","type":"page","link":"https:\/\/huseyinyamac.com.tr\/?page_id=150","title":{"rendered":"Bilgisayar ve Teknoloji"},"content":{"rendered":"\t\t<div data-elementor-type=\"wp-page\" data-elementor-id=\"150\" class=\"elementor elementor-150\">\n\t\t\t\t<div class=\"elementor-element elementor-element-7fe4ec8b e-flex e-con-boxed e-con e-parent\" data-id=\"7fe4ec8b\" data-element_type=\"container\">\n\t\t\t\t\t<div class=\"e-con-inner\">\n\t\t\t\t<div class=\"elementor-element elementor-element-5cbe7647 elementor-widget elementor-widget-text-editor\" data-id=\"5cbe7647\" data-element_type=\"widget\" data-widget_type=\"text-editor.default\">\n\t\t\t\t\t\t\t\t\t<span dir=\"auto\" style=\"vertical-align: inherit;\"><span dir=\"auto\" style=\"vertical-align: inherit;\">K\u00fc\u00e7\u00fckl\u00fc\u011f\u00fcmden beri teknolojiye uyumlu ve kapsaml\u0131 \u00e7okca benimseyen ve geli\u015fmelerden haberdar bir aile i\u00e7inde b\u00fcy\u00fcd\u00fcm. Yaz\u0131l\u0131mc\u0131 bir abi ve evin her k\u00f6\u015fesinde bulunan \u00f6zellik kodlarla ilgili notlar. Gelece\u011fimi g\u00f6rd\u00fcm ve bu b\u00f6l\u00fcm\u00fc se\u00e7tim. HTML, Bootsrap, PHP, CSS, JavaScript konular\u0131na hakimim ve geli\u015fmeye a\u00e7\u0131klar\u0131m var.<\/span><\/span>\t\t\t\t\t\t\t\t<\/div>\n\t\t\t\t\t<\/div>\n\t\t\t\t<\/div>\n\t\t<div class=\"elementor-element elementor-element-6771e3c e-flex e-con-boxed e-con e-parent\" data-id=\"6771e3c\" data-element_type=\"container\" data-settings=\"{&quot;background_background&quot;:&quot;gradient&quot;}\">\n\t\t\t\t\t<div class=\"e-con-inner\">\n\t\t\t\t<div class=\"elementor-element elementor-element-bdfd373 elementor-widget elementor-widget-progress\" data-id=\"bdfd373\" data-element_type=\"widget\" data-widget_type=\"progress.default\">\n\t\t\t\t\t\t\t\t<h4 class=\"elementor-title\" id=\"elementor-progress-bar-bdfd373\">\n\t\t\t\tYetenekler\t\t\t<\/h4>\n\t\t\n\t\t<div aria-labelledby=\"elementor-progress-bar-bdfd373\" class=\"elementor-progress-wrapper\" role=\"progressbar\" aria-valuemin=\"0\" aria-valuemax=\"100\" aria-valuenow=\"55\" aria-valuetext=\"55% (Html)\">\n\t\t\t<div class=\"elementor-progress-bar\" data-max=\"55\">\n\t\t\t\t<span class=\"elementor-progress-text\">Html<\/span>\n\t\t\t\t\t\t\t\t\t<span class=\"elementor-progress-percentage\">55%<\/span>\n\t\t\t\t\t\t\t<\/div>\n\t\t<\/div>\n\t\t\t\t\t\t<\/div>\n\t\t\t\t<div class=\"elementor-element elementor-element-af8cc8a elementor-widget elementor-widget-progress\" data-id=\"af8cc8a\" data-element_type=\"widget\" data-widget_type=\"progress.default\">\n\t\t\t\t\t\n\t\t<div class=\"elementor-progress-wrapper\" role=\"progressbar\" aria-valuemin=\"0\" aria-valuemax=\"100\" aria-valuenow=\"48\" aria-valuetext=\"48% (Php)\">\n\t\t\t<div class=\"elementor-progress-bar\" data-max=\"48\">\n\t\t\t\t<span class=\"elementor-progress-text\">Php<\/span>\n\t\t\t\t\t\t\t\t\t<span class=\"elementor-progress-percentage\">48%<\/span>\n\t\t\t\t\t\t\t<\/div>\n\t\t<\/div>\n\t\t\t\t\t\t<\/div>\n\t\t\t\t<div class=\"elementor-element elementor-element-e3d019d elementor-widget elementor-widget-progress\" data-id=\"e3d019d\" data-element_type=\"widget\" data-widget_type=\"progress.default\">\n\t\t\t\t\t\n\t\t<div class=\"elementor-progress-wrapper\" role=\"progressbar\" aria-valuemin=\"0\" aria-valuemax=\"100\" aria-valuenow=\"29\" aria-valuetext=\"29% (JavaScript)\">\n\t\t\t<div class=\"elementor-progress-bar\" data-max=\"29\">\n\t\t\t\t<span class=\"elementor-progress-text\">JavaScript<\/span>\n\t\t\t\t\t\t\t\t\t<span class=\"elementor-progress-percentage\">29%<\/span>\n\t\t\t\t\t\t\t<\/div>\n\t\t<\/div>\n\t\t\t\t\t\t<\/div>\n\t\t\t\t<div class=\"elementor-element elementor-element-614e7b9 elementor-widget elementor-widget-progress\" data-id=\"614e7b9\" data-element_type=\"widget\" data-widget_type=\"progress.default\">\n\t\t\t\t\t\n\t\t<div class=\"elementor-progress-wrapper\" role=\"progressbar\" aria-valuemin=\"0\" aria-valuemax=\"100\" aria-valuenow=\"66\" aria-valuetext=\"66% (CSS)\">\n\t\t\t<div class=\"elementor-progress-bar\" data-max=\"66\">\n\t\t\t\t<span class=\"elementor-progress-text\">CSS<\/span>\n\t\t\t\t\t\t\t\t\t<span class=\"elementor-progress-percentage\">66%<\/span>\n\t\t\t\t\t\t\t<\/div>\n\t\t<\/div>\n\t\t\t\t\t\t<\/div>\n\t\t\t\t<div class=\"elementor-element elementor-element-c09c0f7 elementor-widget elementor-widget-progress\" data-id=\"c09c0f7\" data-element_type=\"widget\" data-widget_type=\"progress.default\">\n\t\t\t\t\t\n\t\t<div class=\"elementor-progress-wrapper\" role=\"progressbar\" aria-valuemin=\"0\" aria-valuemax=\"100\" aria-valuenow=\"55\" aria-valuetext=\"55% (Bootstrap)\">\n\t\t\t<div class=\"elementor-progress-bar\" data-max=\"55\">\n\t\t\t\t<span class=\"elementor-progress-text\">Bootstrap<\/span>\n\t\t\t\t\t\t\t\t\t<span class=\"elementor-progress-percentage\">55%<\/span>\n\t\t\t\t\t\t\t<\/div>\n\t\t<\/div>\n\t\t\t\t\t\t<\/div>\n\t\t\t\t\t<\/div>\n\t\t\t\t<\/div>\n\t\t\t\t<\/div>\n\t\t","protected":false},"excerpt":{"rendered":"<p>K\u00fc\u00e7\u00fckl\u00fc\u011f\u00fcmden beri teknolojiye uyumlu ve kapsaml\u0131 \u00e7okca benimseyen ve geli\u015fmelerden haberdar bir aile i\u00e7inde b\u00fcy\u00fcd\u00fcm. Yaz\u0131l\u0131mc\u0131 bir abi ve evin her k\u00f6\u015fesinde bulunan \u00f6zellik kodlarla ilgili notlar. Gelece\u011fimi g\u00f6rd\u00fcm ve bu b\u00f6l\u00fcm\u00fc se\u00e7tim. HTML, Bootsrap, PHP, CSS, JavaScript konular\u0131na hakimim ve geli\u015fmeye a\u00e7\u0131klar\u0131m var. Yetenekler Html 55% Php 48% JavaScript 29% CSS 66% Bootstrap 55%<\/p>\n","protected":false},"author":1,"featured_media":0,"parent":42,"menu_order":0,"comment_status":"closed","ping_status":"closed","template":"","meta":{"footnotes":""},"class_list":["post-150","page","type-page","status-publish","hentry"],"_links":{"self":[{"href":"https:\/\/huseyinyamac.com.tr\/index.php?rest_route=\/wp\/v2\/pages\/150","targetHints":{"allow":["GET"]}}],"collection":[{"href":"https:\/\/huseyinyamac.com.tr\/index.php?rest_route=\/wp\/v2\/pages"}],"about":[{"href":"https:\/\/huseyinyamac.com.tr\/index.php?rest_route=\/wp\/v2\/types\/page"}],"author":[{"embeddable":true,"href":"https:\/\/huseyinyamac.com.tr\/index.php?rest_route=\/wp\/v2\/users\/1"}],"replies":[{"embeddable":true,"href":"https:\/\/huseyinyamac.com.tr\/index.php?rest_route=%2Fwp%2Fv2%2Fcomments&post=150"}],"version-history":[{"count":8,"href":"https:\/\/huseyinyamac.com.tr\/index.php?rest_route=\/wp\/v2\/pages\/150\/revisions"}],"predecessor-version":[{"id":223,"href":"https:\/\/huseyinyamac.com.tr\/index.php?rest_route=\/wp\/v2\/pages\/150\/revisions\/223"}],"up":[{"embeddable":true,"href":"https:\/\/huseyinyamac.com.tr\/index.php?rest_route=\/wp\/v2\/pages\/42"}],"wp:attachment":[{"href":"https:\/\/huseyinyamac.com.tr\/index.php?rest_route=%2Fwp%2Fv2%2Fmedia&parent=150"}],"curies":[{"name":"wp","href":"https:\/\/api.w.org\/{rel}","templated":true}]}}