{"id":152,"date":"2026-01-01T23:31:11","date_gmt":"2026-01-01T23:31:11","guid":{"rendered":"https:\/\/huseyinyamac.com.tr\/?page_id=152"},"modified":"2026-01-05T11:46:44","modified_gmt":"2026-01-05T11:46:44","slug":"pvc-aluminyum","status":"publish","type":"page","link":"https:\/\/huseyinyamac.com.tr\/?page_id=152","title":{"rendered":"PVC &#038; Al\u00fcminyum"},"content":{"rendered":"\t\t<div data-elementor-type=\"wp-page\" data-elementor-id=\"152\" class=\"elementor elementor-152\">\n\t\t\t\t<div class=\"elementor-element elementor-element-31eaff86 e-flex e-con-boxed e-con e-parent\" data-id=\"31eaff86\" data-element_type=\"container\">\n\t\t\t\t\t<div class=\"e-con-inner\">\n\t\t\t\t<div class=\"elementor-element elementor-element-78e3b8ed elementor-widget elementor-widget-text-editor\" data-id=\"78e3b8ed\" data-element_type=\"widget\" data-widget_type=\"text-editor.default\">\n\t\t\t\t\t\t\t\t\tBabam\u0131z\u0131n mesle\u011fi Pen ve Panjur i\u015flerini ilerleterek ustal\u0131k ve kalfal\u0131k belgerini ald\u0131m. Bunlara ek cam balkon , otomatik kepenk , \u00e7at\u0131 , korkuluk k\u00fcpe\u015fte , asma tavan ve demir i\u015flerindede usta oldum aktif olarak i\u015f al\u0131p yapmaktay\u0131m.\t\t\t\t\t\t\t\t<\/div>\n\t\t\t\t\t<\/div>\n\t\t\t\t<\/div>\n\t\t<div class=\"elementor-element elementor-element-8a50d7b e-flex e-con-boxed e-con e-parent\" data-id=\"8a50d7b\" data-element_type=\"container\">\n\t\t\t\t\t<div class=\"e-con-inner\">\n\t\t\t\t<div class=\"elementor-element elementor-element-7d34714 elementor-view-default elementor-position-block-start elementor-mobile-position-block-start elementor-widget elementor-widget-icon-box\" data-id=\"7d34714\" data-element_type=\"widget\" data-widget_type=\"icon-box.default\">\n\t\t\t\t\t\t\t<div class=\"elementor-icon-box-wrapper\">\n\n\t\t\t\t\t\t<div class=\"elementor-icon-box-icon\">\n\t\t\t\t<span  class=\"elementor-icon\">\n\t\t\t\t<svg aria-hidden=\"true\" class=\"e-font-icon-svg e-fas-door-open\" viewBox=\"0 0 640 512\" xmlns=\"http:\/\/www.w3.org\/2000\/svg\"><path d=\"M624 448h-80V113.45C544 86.19 522.47 64 496 64H384v64h96v384h144c8.84 0 16-7.16 16-16v-32c0-8.84-7.16-16-16-16zM312.24 1.01l-192 49.74C105.99 54.44 96 67.7 96 82.92V448H16c-8.84 0-16 7.16-16 16v32c0 8.84 7.16 16 16 16h336V33.18c0-21.58-19.56-37.41-39.76-32.17zM264 288c-13.25 0-24-14.33-24-32s10.75-32 24-32 24 14.33 24 32-10.75 32-24 32z\"><\/path><\/svg>\t\t\t\t<\/span>\n\t\t\t<\/div>\n\t\t\t\n\t\t\t\t\t\t<div class=\"elementor-icon-box-content\">\n\n\t\t\t\t\t\t\t\t\t<h3 class=\"elementor-icon-box-title\">\n\t\t\t\t\t\t<span  >\n\t\t\t\t\t\t\tPANJUR\t\t\t\t\t\t<\/span>\n\t\t\t\t\t<\/h3>\n\t\t\t\t\n\t\t\t\t\n\t\t\t<\/div>\n\t\t\t\n\t\t<\/div>\n\t\t\t\t\t\t<\/div>\n\t\t\t\t<div class=\"elementor-element elementor-element-cba2889 elementor-view-default elementor-position-block-start elementor-mobile-position-block-start elementor-widget elementor-widget-icon-box\" data-id=\"cba2889\" data-element_type=\"widget\" data-widget_type=\"icon-box.default\">\n\t\t\t\t\t\t\t<div class=\"elementor-icon-box-wrapper\">\n\n\t\t\t\t\t\t<div class=\"elementor-icon-box-icon\">\n\t\t\t\t<span  class=\"elementor-icon\">\n\t\t\t\t<svg aria-hidden=\"true\" class=\"e-font-icon-svg e-fas-window-restore\" viewBox=\"0 0 512 512\" xmlns=\"http:\/\/www.w3.org\/2000\/svg\"><path d=\"M512 48v288c0 26.5-21.5 48-48 48h-48V176c0-44.1-35.9-80-80-80H128V48c0-26.5 21.5-48 48-48h288c26.5 0 48 21.5 48 48zM384 176v288c0 26.5-21.5 48-48 48H48c-26.5 0-48-21.5-48-48V176c0-26.5 21.5-48 48-48h288c26.5 0 48 21.5 48 48zm-68 28c0-6.6-5.4-12-12-12H76c-6.6 0-12 5.4-12 12v52h252v-52z\"><\/path><\/svg>\t\t\t\t<\/span>\n\t\t\t<\/div>\n\t\t\t\n\t\t\t\t\t\t<div class=\"elementor-icon-box-content\">\n\n\t\t\t\t\t\t\t\t\t<h3 class=\"elementor-icon-box-title\">\n\t\t\t\t\t\t<span  >\n\t\t\t\t\t\t\tPENCERE\t\t\t\t\t\t<\/span>\n\t\t\t\t\t<\/h3>\n\t\t\t\t\n\t\t\t\t\n\t\t\t<\/div>\n\t\t\t\n\t\t<\/div>\n\t\t\t\t\t\t<\/div>\n\t\t\t\t\t<\/div>\n\t\t\t\t<\/div>\n\t\t\t\t<\/div>\n\t\t","protected":false},"excerpt":{"rendered":"<p>Babam\u0131z\u0131n mesle\u011fi Pen ve Panjur i\u015flerini ilerleterek ustal\u0131k ve kalfal\u0131k belgerini ald\u0131m. Bunlara ek cam balkon , otomatik kepenk , \u00e7at\u0131 , korkuluk k\u00fcpe\u015fte , asma tavan ve demir i\u015flerindede usta oldum aktif olarak i\u015f al\u0131p yapmaktay\u0131m. PANJUR PENCERE<\/p>\n","protected":false},"author":1,"featured_media":0,"parent":42,"menu_order":0,"comment_status":"closed","ping_status":"closed","template":"","meta":{"footnotes":""},"class_list":["post-152","page","type-page","status-publish","hentry"],"_links":{"self":[{"href":"https:\/\/huseyinyamac.com.tr\/index.php?rest_route=\/wp\/v2\/pages\/152","targetHints":{"allow":["GET"]}}],"collection":[{"href":"https:\/\/huseyinyamac.com.tr\/index.php?rest_route=\/wp\/v2\/pages"}],"about":[{"href":"https:\/\/huseyinyamac.com.tr\/index.php?rest_route=\/wp\/v2\/types\/page"}],"author":[{"embeddable":true,"href":"https:\/\/huseyinyamac.com.tr\/index.php?rest_route=\/wp\/v2\/users\/1"}],"replies":[{"embeddable":true,"href":"https:\/\/huseyinyamac.com.tr\/index.php?rest_route=%2Fwp%2Fv2%2Fcomments&post=152"}],"version-history":[{"count":8,"href":"https:\/\/huseyinyamac.com.tr\/index.php?rest_route=\/wp\/v2\/pages\/152\/revisions"}],"predecessor-version":[{"id":226,"href":"https:\/\/huseyinyamac.com.tr\/index.php?rest_route=\/wp\/v2\/pages\/152\/revisions\/226"}],"up":[{"embeddable":true,"href":"https:\/\/huseyinyamac.com.tr\/index.php?rest_route=\/wp\/v2\/pages\/42"}],"wp:attachment":[{"href":"https:\/\/huseyinyamac.com.tr\/index.php?rest_route=%2Fwp%2Fv2%2Fmedia&parent=152"}],"curies":[{"name":"wp","href":"https:\/\/api.w.org\/{rel}","templated":true}]}}