{"id":200,"date":"2026-01-03T11:15:35","date_gmt":"2026-01-03T11:15:35","guid":{"rendered":"https:\/\/huseyinyamac.com.tr\/?page_id=200"},"modified":"2026-01-03T11:15:35","modified_gmt":"2026-01-03T11:15:35","slug":"bolum-2","status":"publish","type":"page","link":"https:\/\/huseyinyamac.com.tr\/?page_id=200","title":{"rendered":"B\u00f6l\u00fcm 2"},"content":{"rendered":"<p>Futbol bana disiplin, m\u00fccadele ve pes etmemeyi \u00f6\u011fretti. Yaz\u0131l\u0131m ise sabr\u0131, d\u00fc\u015f\u00fcnmeyi ve \u00e7\u00f6z\u00fcm \u00fcretmeyi. \u0130kisi \u00e7ok farkl\u0131 gibi g\u00f6r\u00fcnse de asl\u0131nda birbirini tamaml\u0131yor. Sahada nas\u0131l kendimi geli\u015ftirmeye \u00e7al\u0131\u015f\u0131yorsam, bilgisayar ba\u015f\u0131nda da her g\u00fcn biraz daha \u00f6\u011frenmeye \u00e7al\u0131\u015f\u0131yorum.<\/p>\n","protected":false},"excerpt":{"rendered":"<p>Futbol bana disiplin, m\u00fccadele ve pes etmemeyi \u00f6\u011fretti. Yaz\u0131l\u0131m ise sabr\u0131, d\u00fc\u015f\u00fcnmeyi ve \u00e7\u00f6z\u00fcm \u00fcretmeyi. \u0130kisi \u00e7ok farkl\u0131 gibi g\u00f6r\u00fcnse de asl\u0131nda birbirini tamaml\u0131yor. Sahada nas\u0131l kendimi geli\u015ftirmeye \u00e7al\u0131\u015f\u0131yorsam, bilgisayar ba\u015f\u0131nda da her g\u00fcn biraz daha \u00f6\u011frenmeye \u00e7al\u0131\u015f\u0131yorum.<\/p>\n","protected":false},"author":1,"featured_media":0,"parent":127,"menu_order":0,"comment_status":"closed","ping_status":"closed","template":"","meta":{"footnotes":""},"class_list":["post-200","page","type-page","status-publish","hentry"],"_links":{"self":[{"href":"https:\/\/huseyinyamac.com.tr\/index.php?rest_route=\/wp\/v2\/pages\/200","targetHints":{"allow":["GET"]}}],"collection":[{"href":"https:\/\/huseyinyamac.com.tr\/index.php?rest_route=\/wp\/v2\/pages"}],"about":[{"href":"https:\/\/huseyinyamac.com.tr\/index.php?rest_route=\/wp\/v2\/types\/page"}],"author":[{"embeddable":true,"href":"https:\/\/huseyinyamac.com.tr\/index.php?rest_route=\/wp\/v2\/users\/1"}],"replies":[{"embeddable":true,"href":"https:\/\/huseyinyamac.com.tr\/index.php?rest_route=%2Fwp%2Fv2%2Fcomments&post=200"}],"version-history":[{"count":1,"href":"https:\/\/huseyinyamac.com.tr\/index.php?rest_route=\/wp\/v2\/pages\/200\/revisions"}],"predecessor-version":[{"id":201,"href":"https:\/\/huseyinyamac.com.tr\/index.php?rest_route=\/wp\/v2\/pages\/200\/revisions\/201"}],"up":[{"embeddable":true,"href":"https:\/\/huseyinyamac.com.tr\/index.php?rest_route=\/wp\/v2\/pages\/127"}],"wp:attachment":[{"href":"https:\/\/huseyinyamac.com.tr\/index.php?rest_route=%2Fwp%2Fv2%2Fmedia&parent=200"}],"curies":[{"name":"wp","href":"https:\/\/api.w.org\/{rel}","templated":true}]}}