{"id":202,"date":"2026-01-03T11:16:05","date_gmt":"2026-01-03T11:16:05","guid":{"rendered":"https:\/\/huseyinyamac.com.tr\/?page_id=202"},"modified":"2026-01-03T11:16:05","modified_gmt":"2026-01-03T11:16:05","slug":"bolum-3","status":"publish","type":"page","link":"https:\/\/huseyinyamac.com.tr\/?page_id=202","title":{"rendered":"B\u00f6l\u00fcm 3"},"content":{"rendered":"<p>Bu blogda hem \u00f6\u011frendiklerimi hem de kendi yolculu\u011fumu payla\u015fmak istiyorum. B\u00fcy\u00fck hedeflerim var ama acelem yok. Ad\u0131m ad\u0131m, \u00e7al\u0131\u015farak ve vazge\u00e7meden ilerlemeye devam ediyorum.<\/p>\n","protected":false},"excerpt":{"rendered":"<p>Bu blogda hem \u00f6\u011frendiklerimi hem de kendi yolculu\u011fumu payla\u015fmak istiyorum. B\u00fcy\u00fck hedeflerim var ama acelem yok. Ad\u0131m ad\u0131m, \u00e7al\u0131\u015farak ve vazge\u00e7meden ilerlemeye devam ediyorum.<\/p>\n","protected":false},"author":1,"featured_media":0,"parent":127,"menu_order":0,"comment_status":"closed","ping_status":"closed","template":"","meta":{"footnotes":""},"class_list":["post-202","page","type-page","status-publish","hentry"],"_links":{"self":[{"href":"https:\/\/huseyinyamac.com.tr\/index.php?rest_route=\/wp\/v2\/pages\/202","targetHints":{"allow":["GET"]}}],"collection":[{"href":"https:\/\/huseyinyamac.com.tr\/index.php?rest_route=\/wp\/v2\/pages"}],"about":[{"href":"https:\/\/huseyinyamac.com.tr\/index.php?rest_route=\/wp\/v2\/types\/page"}],"author":[{"embeddable":true,"href":"https:\/\/huseyinyamac.com.tr\/index.php?rest_route=\/wp\/v2\/users\/1"}],"replies":[{"embeddable":true,"href":"https:\/\/huseyinyamac.com.tr\/index.php?rest_route=%2Fwp%2Fv2%2Fcomments&post=202"}],"version-history":[{"count":1,"href":"https:\/\/huseyinyamac.com.tr\/index.php?rest_route=\/wp\/v2\/pages\/202\/revisions"}],"predecessor-version":[{"id":203,"href":"https:\/\/huseyinyamac.com.tr\/index.php?rest_route=\/wp\/v2\/pages\/202\/revisions\/203"}],"up":[{"embeddable":true,"href":"https:\/\/huseyinyamac.com.tr\/index.php?rest_route=\/wp\/v2\/pages\/127"}],"wp:attachment":[{"href":"https:\/\/huseyinyamac.com.tr\/index.php?rest_route=%2Fwp%2Fv2%2Fmedia&parent=202"}],"curies":[{"name":"wp","href":"https:\/\/api.w.org\/{rel}","templated":true}]}}