{"id":216,"date":"2026-01-03T12:13:27","date_gmt":"2026-01-03T12:13:27","guid":{"rendered":"https:\/\/huseyinyamac.com.tr\/?page_id=216"},"modified":"2026-01-03T12:13:27","modified_gmt":"2026-01-03T12:13:27","slug":"cihazlarim","status":"publish","type":"page","link":"https:\/\/huseyinyamac.com.tr\/?page_id=216","title":{"rendered":"Cihazlar\u0131m"},"content":{"rendered":"<p>Kulland\u0131\u011f\u0131m cihazlar\u0131 listeledim.<\/p>\n<p>Telefon : iPhone 11<\/p>\n<p>Bilgisayar : Asus Tuf Gaming A15 4050RTX Ryzen 7 7435HS<\/p>\n<p>&nbsp;<\/p>\n","protected":false},"excerpt":{"rendered":"<p>Kulland\u0131\u011f\u0131m cihazlar\u0131 listeledim. Telefon : iPhone 11 Bilgisayar : Asus Tuf Gaming A15 4050RTX Ryzen 7 7435HS &nbsp;<\/p>\n","protected":false},"author":1,"featured_media":0,"parent":0,"menu_order":0,"comment_status":"closed","ping_status":"closed","template":"","meta":{"footnotes":""},"class_list":["post-216","page","type-page","status-publish","hentry"],"_links":{"self":[{"href":"https:\/\/huseyinyamac.com.tr\/index.php?rest_route=\/wp\/v2\/pages\/216","targetHints":{"allow":["GET"]}}],"collection":[{"href":"https:\/\/huseyinyamac.com.tr\/index.php?rest_route=\/wp\/v2\/pages"}],"about":[{"href":"https:\/\/huseyinyamac.com.tr\/index.php?rest_route=\/wp\/v2\/types\/page"}],"author":[{"embeddable":true,"href":"https:\/\/huseyinyamac.com.tr\/index.php?rest_route=\/wp\/v2\/users\/1"}],"replies":[{"embeddable":true,"href":"https:\/\/huseyinyamac.com.tr\/index.php?rest_route=%2Fwp%2Fv2%2Fcomments&post=216"}],"version-history":[{"count":1,"href":"https:\/\/huseyinyamac.com.tr\/index.php?rest_route=\/wp\/v2\/pages\/216\/revisions"}],"predecessor-version":[{"id":217,"href":"https:\/\/huseyinyamac.com.tr\/index.php?rest_route=\/wp\/v2\/pages\/216\/revisions\/217"}],"wp:attachment":[{"href":"https:\/\/huseyinyamac.com.tr\/index.php?rest_route=%2Fwp%2Fv2%2Fmedia&parent=216"}],"curies":[{"name":"wp","href":"https:\/\/api.w.org\/{rel}","templated":true}]}}