{"id":3,"date":"2025-12-30T15:46:48","date_gmt":"2025-12-30T15:46:48","guid":{"rendered":"https:\/\/huseyinyamac.com.tr\/?page_id=3"},"modified":"2026-01-01T23:22:05","modified_gmt":"2026-01-01T23:22:05","slug":"privacy-policy","status":"publish","type":"page","link":"https:\/\/huseyinyamac.com.tr\/?page_id=3","title":{"rendered":"Gizlilik Politikas\u0131"},"content":{"rendered":"\r\n<h2 class=\"wp-block-heading\"><span dir=\"auto\" style=\"vertical-align: inherit;\"><span dir=\"auto\" style=\"vertical-align: inherit;\">Biz kimiz<\/span><\/span><\/h2>\r\n\r\n\r\n\r\n<p><strong class=\"privacy-policy-tutorial\"><span dir=\"auto\" style=\"vertical-align: inherit;\"><span dir=\"auto\" style=\"vertical-align: inherit;\">\u00d6nerilen metin:<\/span><\/span><\/strong><span dir=\"auto\" style=\"vertical-align: inherit;\"><span dir=\"auto\" style=\"vertical-align: inherit;\"> Web sitemizin adresi: https:\/\/huseyinyamac.com.tr.<\/span><\/span><\/p>\r\n\r\n\r\n\r\n<h2 class=\"wp-block-heading\"><span dir=\"auto\" style=\"vertical-align: inherit;\"><span dir=\"auto\" style=\"vertical-align: inherit;\">Yorumlar<\/span><\/span><\/h2>\r\n\r\n\r\n\r\n<p><strong class=\"privacy-policy-tutorial\"><span dir=\"auto\" style=\"vertical-align: inherit;\"><span dir=\"auto\" style=\"vertical-align: inherit;\">\u00d6nerilen metin:<\/span><\/span><\/strong><span dir=\"auto\" style=\"vertical-align: inherit;\"><span dir=\"auto\" style=\"vertical-align: inherit;\"> Ziyaret\u00e7iler sitede yorum b\u0131rakt\u0131\u011f\u0131nda, spam tespitine yard\u0131mc\u0131 olmak i\u00e7in yorum formunda g\u00f6sterilen verileri, ayr\u0131ca ziyaret\u00e7inin IP adresini ve taray\u0131c\u0131 kullan\u0131c\u0131 arac\u0131s\u0131 dizesini toplar\u0131z.<\/span><\/span><\/p>\r\n\r\n\r\n\r\n<p><span dir=\"auto\" style=\"vertical-align: inherit;\"><span dir=\"auto\" style=\"vertical-align: inherit;\">E-posta adresinizden olu\u015fturulan anonimle\u015ftirilmi\u015f bir dize (karma kod olarak da adland\u0131r\u0131l\u0131r), Gravatar hizmetini kullan\u0131p kullanmad\u0131\u011f\u0131n\u0131z\u0131 g\u00f6rmek i\u00e7in Gravatar hizmetine sa\u011flanabilir. Gravatar hizmetinin gizlilik politikas\u0131na buradan ula\u015fabilirsiniz: https:\/\/automattic.com\/privacy\/. Yorumunuz onayland\u0131ktan sonra, profil resminiz yorumunuz ba\u011flam\u0131nda herkese a\u00e7\u0131k olarak g\u00f6r\u00fcn\u00fcr.<\/span><\/span><\/p>\r\n\r\n\r\n\r\n<h2 class=\"wp-block-heading\"><span dir=\"auto\" style=\"vertical-align: inherit;\"><span dir=\"auto\" style=\"vertical-align: inherit;\">Medya<\/span><\/span><\/h2>\r\n\r\n\r\n\r\n<p><strong class=\"privacy-policy-tutorial\"><span dir=\"auto\" style=\"vertical-align: inherit;\"><span dir=\"auto\" style=\"vertical-align: inherit;\">\u00d6nerilen metin:<\/span><\/span><\/strong><span dir=\"auto\" style=\"vertical-align: inherit;\"><span dir=\"auto\" style=\"vertical-align: inherit;\"> Web sitesine g\u00f6rseller y\u00fckl\u00fcyorsan\u0131z, i\u00e7ine konum verisi (EXIF GPS) g\u00f6m\u00fcl\u00fc g\u00f6rseller y\u00fcklemekten ka\u00e7\u0131nmal\u0131s\u0131n\u0131z. Web sitesi ziyaret\u00e7ileri, sitedeki g\u00f6rsellerden konum verilerini indirebilir ve \u00e7\u0131karabilir.<\/span><\/span><\/p>\r\n\r\n\r\n\r\n<h2 class=\"wp-block-heading\"><span dir=\"auto\" style=\"vertical-align: inherit;\"><span dir=\"auto\" style=\"vertical-align: inherit;\">\u00c7erezler<\/span><\/span><\/h2>\r\n\r\n\r\n\r\n<p><strong class=\"privacy-policy-tutorial\"><span dir=\"auto\" style=\"vertical-align: inherit;\"><span dir=\"auto\" style=\"vertical-align: inherit;\">\u00d6nerilen metin:<\/span><\/span><\/strong><span dir=\"auto\" style=\"vertical-align: inherit;\"><span dir=\"auto\" style=\"vertical-align: inherit;\"> Sitemizde yorum b\u0131rak\u0131rsan\u0131z, ad\u0131n\u0131z\u0131, e-posta adresinizi ve web sitenizi \u00e7erezlere kaydetmeyi se\u00e7ebilirsiniz. Bu, ba\u015fka bir yorum b\u0131rakt\u0131\u011f\u0131n\u0131zda bilgilerinizi tekrar doldurmak zorunda kalmaman\u0131z i\u00e7in kolayl\u0131k sa\u011flamak i\u00e7indir. Bu \u00e7erezler bir y\u0131l s\u00fcreyle ge\u00e7erli olacakt\u0131r.<\/span><\/span><\/p>\r\n\r\n\r\n\r\n<p><span dir=\"auto\" style=\"vertical-align: inherit;\"><span dir=\"auto\" style=\"vertical-align: inherit;\">Giri\u015f sayfam\u0131z\u0131 ziyaret ederseniz, taray\u0131c\u0131n\u0131z\u0131n \u00e7erezleri kabul edip etmedi\u011fini belirlemek i\u00e7in ge\u00e7ici bir \u00e7erez ayarlayaca\u011f\u0131z. Bu \u00e7erez hi\u00e7bir ki\u015fisel veri i\u00e7ermez ve taray\u0131c\u0131n\u0131z\u0131 kapatt\u0131\u011f\u0131n\u0131zda silinir.<\/span><\/span><\/p>\r\n\r\n\r\n\r\n<p><span dir=\"auto\" style=\"vertical-align: inherit;\"><span dir=\"auto\" style=\"vertical-align: inherit;\">Giri\u015f yapt\u0131\u011f\u0131n\u0131zda, giri\u015f bilgilerinizi ve ekran g\u00f6r\u00fcnt\u00fcleme tercihlerinizi kaydetmek i\u00e7in birka\u00e7 \u00e7erez de olu\u015fturaca\u011f\u0131z. Giri\u015f \u00e7erezleri iki g\u00fcn, ekran se\u00e7enekleri \u00e7erezleri ise bir y\u0131l s\u00fcreyle ge\u00e7erlidir. &#8220;Beni Hat\u0131rla&#8221; se\u00e7ene\u011fini i\u015faretlerseniz, giri\u015finiz iki hafta boyunca ge\u00e7erli kalacakt\u0131r. Hesab\u0131n\u0131zdan \u00e7\u0131k\u0131\u015f yaparsan\u0131z, giri\u015f \u00e7erezleri silinecektir.<\/span><\/span><\/p>\r\n\r\n\r\n\r\n<p><span dir=\"auto\" style=\"vertical-align: inherit;\"><span dir=\"auto\" style=\"vertical-align: inherit;\">Bir makaleyi d\u00fczenlerseniz veya yay\u0131nlarsan\u0131z, taray\u0131c\u0131n\u0131za ek bir \u00e7erez kaydedilir. Bu \u00e7erez hi\u00e7bir ki\u015fisel veri i\u00e7ermez ve yaln\u0131zca d\u00fczenledi\u011finiz makalenin g\u00f6nderi kimli\u011fini g\u00f6sterir. 1 g\u00fcn sonra s\u00fcresi dolar.<\/span><\/span><\/p>\r\n\r\n\r\n\r\n<h2 class=\"wp-block-heading\"><span dir=\"auto\" style=\"vertical-align: inherit;\"><span dir=\"auto\" style=\"vertical-align: inherit;\">Di\u011fer web sitelerinden yerle\u015ftirilmi\u015f i\u00e7erik<\/span><\/span><\/h2>\r\n\r\n\r\n\r\n<p><strong class=\"privacy-policy-tutorial\"><span dir=\"auto\" style=\"vertical-align: inherit;\"><span dir=\"auto\" style=\"vertical-align: inherit;\">\u00d6nerilen metin:<\/span><\/span><\/strong><span dir=\"auto\" style=\"vertical-align: inherit;\"><span dir=\"auto\" style=\"vertical-align: inherit;\"> Bu sitedeki makaleler, g\u00f6m\u00fcl\u00fc i\u00e7erik (\u00f6rne\u011fin videolar, resimler, makaleler vb.) i\u00e7erebilir. Di\u011fer web sitelerinden gelen g\u00f6m\u00fcl\u00fc i\u00e7erik, ziyaret\u00e7inin di\u011fer web sitesini ziyaret etmi\u015f gibi davranmas\u0131yla tamamen ayn\u0131 \u015fekilde \u00e7al\u0131\u015f\u0131r.<\/span><\/span><\/p>\r\n\r\n\r\n\r\n<p><span dir=\"auto\" style=\"vertical-align: inherit;\"><span dir=\"auto\" style=\"vertical-align: inherit;\">Bu web siteleri sizin hakk\u0131n\u0131zda veri toplayabilir, \u00e7erez kullanabilir, ek \u00fc\u00e7\u00fcnc\u00fc taraf izleme kodlar\u0131 yerle\u015ftirebilir ve yerle\u015ftirilmi\u015f i\u00e7erikle etkile\u015fimlerinizi izleyebilir; bu, bir hesab\u0131n\u0131z varsa ve bu web sitesine giri\u015f yapt\u0131ysan\u0131z, yerle\u015ftirilmi\u015f i\u00e7erikle etkile\u015fimlerinizi izlemeyi de i\u00e7erir.<\/span><\/span><\/p>\r\n\r\n\r\n\r\n<h2 class=\"wp-block-heading\"><span dir=\"auto\" style=\"vertical-align: inherit;\"><span dir=\"auto\" style=\"vertical-align: inherit;\">Verilerinizi kimlerle payla\u015f\u0131yoruz?<\/span><\/span><\/h2>\r\n\r\n\r\n\r\n<p><strong class=\"privacy-policy-tutorial\"><span dir=\"auto\" style=\"vertical-align: inherit;\"><span dir=\"auto\" style=\"vertical-align: inherit;\">\u00d6nerilen metin:<\/span><\/span><\/strong><span dir=\"auto\" style=\"vertical-align: inherit;\"><span dir=\"auto\" style=\"vertical-align: inherit;\"> Parola s\u0131f\u0131rlama talebinde bulunursan\u0131z, IP adresiniz s\u0131f\u0131rlama e-postas\u0131na eklenecektir.<\/span><\/span><\/p>\r\n\r\n\r\n\r\n<h2 class=\"wp-block-heading\"><span dir=\"auto\" style=\"vertical-align: inherit;\"><span dir=\"auto\" style=\"vertical-align: inherit;\">Verilerinizi ne kadar s\u00fcreyle sakl\u0131yoruz?<\/span><\/span><\/h2>\r\n\r\n\r\n\r\n<p><strong class=\"privacy-policy-tutorial\"><span dir=\"auto\" style=\"vertical-align: inherit;\"><span dir=\"auto\" style=\"vertical-align: inherit;\">\u00d6nerilen metin:<\/span><\/span><\/strong><span dir=\"auto\" style=\"vertical-align: inherit;\"><span dir=\"auto\" style=\"vertical-align: inherit;\"> Bir yorum b\u0131rak\u0131rsan\u0131z, yorum ve meta verileri s\u00fcresiz olarak saklan\u0131r. Bu sayede, takip eden yorumlar\u0131 otomatik olarak tan\u0131yabilir ve onaylayabiliriz, b\u00f6ylece yorumlar denetim kuyru\u011funda bekletilmez.<\/span><\/span><\/p>\r\n\r\n\r\n\r\n<p><span dir=\"auto\" style=\"vertical-align: inherit;\"><span dir=\"auto\" style=\"vertical-align: inherit;\">Web sitemize kay\u0131t olan kullan\u0131c\u0131lar (varsa), kullan\u0131c\u0131 profillerinde verdikleri ki\u015fisel bilgileri de sakl\u0131yoruz. T\u00fcm kullan\u0131c\u0131lar, ki\u015fisel bilgilerini istedikleri zaman g\u00f6rebilir, d\u00fczenleyebilir veya silebilirler (kullan\u0131c\u0131 adlar\u0131n\u0131 de\u011fi\u015ftiremezler). Web sitesi y\u00f6neticileri de bu bilgilere eri\u015febilir ve bunlar\u0131 d\u00fczenleyebilir.<\/span><\/span><\/p>\r\n\r\n\r\n\r\n<h2 class=\"wp-block-heading\"><span dir=\"auto\" style=\"vertical-align: inherit;\"><span dir=\"auto\" style=\"vertical-align: inherit;\">Verileriniz \u00fczerinde sahip oldu\u011funuz haklar<\/span><\/span><\/h2>\r\n\r\n\r\n\r\n<p><strong class=\"privacy-policy-tutorial\"><span dir=\"auto\" style=\"vertical-align: inherit;\"><span dir=\"auto\" style=\"vertical-align: inherit;\">\u00d6nerilen metin:<\/span><\/span><\/strong><span dir=\"auto\" style=\"vertical-align: inherit;\"><span dir=\"auto\" style=\"vertical-align: inherit;\"> Bu sitede bir hesab\u0131n\u0131z varsa veya yorum b\u0131rakt\u0131ysan\u0131z, bize sa\u011flad\u0131\u011f\u0131n\u0131z veriler de dahil olmak \u00fczere hakk\u0131n\u0131zda tuttu\u011fumuz ki\u015fisel verilerin d\u0131\u015fa aktar\u0131lm\u0131\u015f bir dosyas\u0131n\u0131 almay\u0131 talep edebilirsiniz. Ayr\u0131ca, hakk\u0131n\u0131zda tuttu\u011fumuz t\u00fcm ki\u015fisel verilerin silinmesini de talep edebilirsiniz. Bu, idari, yasal veya g\u00fcvenlik ama\u00e7lar\u0131 i\u00e7in saklamak zorunda oldu\u011fumuz verileri kapsamaz.<\/span><\/span><\/p>\r\n\r\n\r\n\r\n<h2 class=\"wp-block-heading\"><span dir=\"auto\" style=\"vertical-align: inherit;\"><span dir=\"auto\" style=\"vertical-align: inherit;\">Verilerinizin g\u00f6nderildi\u011fi yer<\/span><\/span><\/h2>\r\n\r\n\r\n\r\n<p><strong class=\"privacy-policy-tutorial\"><span dir=\"auto\" style=\"vertical-align: inherit;\"><span dir=\"auto\" style=\"vertical-align: inherit;\">\u00d6nerilen metin:<\/span><\/span><\/strong><span dir=\"auto\" style=\"vertical-align: inherit;\"><span dir=\"auto\" style=\"vertical-align: inherit;\"> Ziyaret\u00e7i yorumlar\u0131 otomatik bir spam tespit servisi arac\u0131l\u0131\u011f\u0131yla kontrol edilebilir.<\/span><\/span><\/p>\r\n\r\n<p>&nbsp;<\/p>","protected":false},"excerpt":{"rendered":"<p>Biz kimiz \u00d6nerilen metin: Web sitemizin adresi: https:\/\/huseyinyamac.com.tr. Yorumlar \u00d6nerilen metin: Ziyaret\u00e7iler sitede yorum b\u0131rakt\u0131\u011f\u0131nda, spam tespitine yard\u0131mc\u0131 olmak i\u00e7in yorum formunda g\u00f6sterilen verileri, ayr\u0131ca ziyaret\u00e7inin IP adresini ve taray\u0131c\u0131 kullan\u0131c\u0131 arac\u0131s\u0131 dizesini toplar\u0131z. E-posta adresinizden olu\u015fturulan anonimle\u015ftirilmi\u015f bir dize (karma kod olarak da adland\u0131r\u0131l\u0131r), Gravatar hizmetini kullan\u0131p kullanmad\u0131\u011f\u0131n\u0131z\u0131 g\u00f6rmek i\u00e7in Gravatar hizmetine sa\u011flanabilir. Gravatar [&hellip;]<\/p>\n","protected":false},"author":1,"featured_media":0,"parent":0,"menu_order":0,"comment_status":"closed","ping_status":"open","template":"","meta":{"footnotes":""},"class_list":["post-3","page","type-page","status-publish","hentry"],"_links":{"self":[{"href":"https:\/\/huseyinyamac.com.tr\/index.php?rest_route=\/wp\/v2\/pages\/3","targetHints":{"allow":["GET"]}}],"collection":[{"href":"https:\/\/huseyinyamac.com.tr\/index.php?rest_route=\/wp\/v2\/pages"}],"about":[{"href":"https:\/\/huseyinyamac.com.tr\/index.php?rest_route=\/wp\/v2\/types\/page"}],"author":[{"embeddable":true,"href":"https:\/\/huseyinyamac.com.tr\/index.php?rest_route=\/wp\/v2\/users\/1"}],"replies":[{"embeddable":true,"href":"https:\/\/huseyinyamac.com.tr\/index.php?rest_route=%2Fwp%2Fv2%2Fcomments&post=3"}],"version-history":[{"count":2,"href":"https:\/\/huseyinyamac.com.tr\/index.php?rest_route=\/wp\/v2\/pages\/3\/revisions"}],"predecessor-version":[{"id":144,"href":"https:\/\/huseyinyamac.com.tr\/index.php?rest_route=\/wp\/v2\/pages\/3\/revisions\/144"}],"wp:attachment":[{"href":"https:\/\/huseyinyamac.com.tr\/index.php?rest_route=%2Fwp%2Fv2%2Fmedia&parent=3"}],"curies":[{"name":"wp","href":"https:\/\/api.w.org\/{rel}","templated":true}]}}